  {"id":27,"date":"2015-09-05T07:29:29","date_gmt":"2015-09-05T07:29:29","guid":{"rendered":"http:\/\/allezvoyage.com\/?page_id=27"},"modified":"2018-07-26T04:27:20","modified_gmt":"2018-07-26T04:27:20","slug":"allezvoyage","status":"publish","type":"page","link":"http:\/\/allezvoyage.com\/","title":{"rendered":"Allezvoyage"},"content":{"rendered":"<div  class=\"row\">\n\t<div class=\"col-sm-12 \">\n\t\t\t\t<div class=\"vc_empty_space\"  style=\"height: 32px\" ><span\n\t\t\tclass=\"vc_empty_space_inner\"><\/span><\/div>\n\n\n\t<\/div> \n<\/div>\t<div  class=\"row\">\n\t<div class=\"col-sm-12 \">\n\t\t\t<div class=\"container\">\t<div class=\"vc_separator wpb_content_element vc_separator_align_left vc_sep_width_100 vc_sep_pos_align_center vc_sep_color_grey\">\n\t\t<span class=\"vc_sep_holder vc_sep_holder_l\"><span class=\"vc_sep_line\"><\/span><\/span>\n\t\t<h4>TOP DESTINATIONS<\/h4>\t\t<span class=\"vc_sep_holder vc_sep_holder_r\"><span class=\"vc_sep_line\"><\/span><\/span>\n\t<\/div>\n\n\n\t<div class=\" wpb_animate_when_almost_visible wpb_top-to-bottom\">\n\t\t\t<div class=\"block image-carousel style2 flexslider \" data-animation=\"slide\" data-item-width=\"270\" data-item-margin=\"30\"><ul class=\"slides hotel image-box listing-style1\"><li><article class=\"box\"><figure><a href=\"http:\/\/allezvoyage.com\/index.php\/location\/birmanie\/\" title=\"BIRMANIE\" class=\"hover-effect yellow\"><img loading=\"lazy\" decoding=\"async\" width=\"1600\" height=\"1050\" src=\"http:\/\/allezvoyage.com\/wp-content\/uploads\/2015\/09\/8631761330_41e376d6eb_h.jpg\" class=\"attachment-full size-full\" alt=\"\" srcset=\"http:\/\/allezvoyage.com\/wp-content\/uploads\/2015\/09\/8631761330_41e376d6eb_h.jpg 1600w, http:\/\/allezvoyage.com\/wp-content\/uploads\/2015\/09\/8631761330_41e376d6eb_h-300x197.jpg 300w, http:\/\/allezvoyage.com\/wp-content\/uploads\/2015\/09\/8631761330_41e376d6eb_h-1024x672.jpg 1024w, http:\/\/allezvoyage.com\/wp-content\/uploads\/2015\/09\/8631761330_41e376d6eb_h-24x16.jpg 24w, http:\/\/allezvoyage.com\/wp-content\/uploads\/2015\/09\/8631761330_41e376d6eb_h-48x32.jpg 48w, http:\/\/allezvoyage.com\/wp-content\/uploads\/2015\/09\/8631761330_41e376d6eb_h-50x33.jpg 50w\" sizes=\"(max-width: 1600px) 100vw, 1600px\" \/><\/a><\/figure><div class=\"details\"><h4 class=\"box-title\">BIRMANIE<small>5 Activities<\/small><\/h4><a href=\"http:\/\/allezvoyage.com\/index.php\/location\/birmanie\/\" title=\"\" class=\"button\">SEE ALL<\/a><\/div><\/article><\/li><li><article class=\"box\"><figure><a href=\"http:\/\/allezvoyage.com\/index.php\/location\/cambodge\/\" title=\"CAMBODGE\" class=\"hover-effect yellow\"><img loading=\"lazy\" decoding=\"async\" width=\"640\" height=\"425\" src=\"http:\/\/allezvoyage.com\/wp-content\/uploads\/2015\/09\/cambodia-2.jpg\" class=\"attachment-full size-full\" alt=\"\" srcset=\"http:\/\/allezvoyage.com\/wp-content\/uploads\/2015\/09\/cambodia-2.jpg 640w, http:\/\/allezvoyage.com\/wp-content\/uploads\/2015\/09\/cambodia-2-300x199.jpg 300w, http:\/\/allezvoyage.com\/wp-content\/uploads\/2015\/09\/cambodia-2-24x16.jpg 24w, http:\/\/allezvoyage.com\/wp-content\/uploads\/2015\/09\/cambodia-2-48x32.jpg 48w, http:\/\/allezvoyage.com\/wp-content\/uploads\/2015\/09\/cambodia-2-50x33.jpg 50w\" sizes=\"(max-width: 640px) 100vw, 640px\" \/><\/a><\/figure><div class=\"details\"><h4 class=\"box-title\">CAMBODGE<small>3 Activities<\/small><\/h4><a href=\"http:\/\/allezvoyage.com\/index.php\/location\/cambodge\/\" title=\"\" class=\"button\">SEE ALL<\/a><\/div><\/article><\/li><li><article class=\"box\"><figure><a href=\"http:\/\/allezvoyage.com\/index.php\/location\/centre-du-vietnam\/\" title=\"CENTRE DU VIETNAM\" class=\"hover-effect yellow\"><img loading=\"lazy\" decoding=\"async\" width=\"275\" height=\"183\" src=\"http:\/\/allezvoyage.com\/wp-content\/uploads\/2015\/10\/images24.jpeg\" class=\"attachment-full size-full\" alt=\"\" srcset=\"http:\/\/allezvoyage.com\/wp-content\/uploads\/2015\/10\/images24.jpeg 275w, http:\/\/allezvoyage.com\/wp-content\/uploads\/2015\/10\/images24-24x16.jpeg 24w, http:\/\/allezvoyage.com\/wp-content\/uploads\/2015\/10\/images24-50x33.jpeg 50w\" sizes=\"(max-width: 275px) 100vw, 275px\" \/><\/a><\/figure><div class=\"details\"><h4 class=\"box-title\">CENTRE DU VIETNAM<small>7 Activities<\/small><\/h4><a href=\"http:\/\/allezvoyage.com\/index.php\/location\/centre-du-vietnam\/\" title=\"\" class=\"button\">SEE ALL<\/a><\/div><\/article><\/li><li><article class=\"box\"><figure><a href=\"http:\/\/allezvoyage.com\/index.php\/location\/laos\/\" title=\"LAOS\" class=\"hover-effect yellow\"><img loading=\"lazy\" decoding=\"async\" width=\"625\" height=\"385\" src=\"http:\/\/allezvoyage.com\/wp-content\/uploads\/2015\/10\/V\u1eadn-chuy\u1ec3n-h\u00e0ng-\u0111i-L\u00e0o-2.jpg\" class=\"attachment-full size-full\" alt=\"\" srcset=\"http:\/\/allezvoyage.com\/wp-content\/uploads\/2015\/10\/V\u1eadn-chuy\u1ec3n-h\u00e0ng-\u0111i-L\u00e0o-2.jpg 625w, http:\/\/allezvoyage.com\/wp-content\/uploads\/2015\/10\/V\u1eadn-chuy\u1ec3n-h\u00e0ng-\u0111i-L\u00e0o-2-300x185.jpg 300w, http:\/\/allezvoyage.com\/wp-content\/uploads\/2015\/10\/V\u1eadn-chuy\u1ec3n-h\u00e0ng-\u0111i-L\u00e0o-2-24x15.jpg 24w, http:\/\/allezvoyage.com\/wp-content\/uploads\/2015\/10\/V\u1eadn-chuy\u1ec3n-h\u00e0ng-\u0111i-L\u00e0o-2-50x31.jpg 50w\" sizes=\"(max-width: 625px) 100vw, 625px\" \/><\/a><\/figure><div class=\"details\"><h4 class=\"box-title\">LAOS<small>3 Activities<\/small><\/h4><a href=\"http:\/\/allezvoyage.com\/index.php\/location\/laos\/\" title=\"\" class=\"button\">SEE ALL<\/a><\/div><\/article><\/li><li><article class=\"box\"><figure><a href=\"http:\/\/allezvoyage.com\/index.php\/location\/nord-du-vietnam\/\" title=\"NORD DU VIETNAM\" class=\"hover-effect yellow\"><img loading=\"lazy\" decoding=\"async\" width=\"720\" height=\"454\" src=\"http:\/\/allezvoyage.com\/wp-content\/uploads\/2015\/10\/IMG_1050.jpg\" class=\"attachment-full size-full\" alt=\"\" srcset=\"http:\/\/allezvoyage.com\/wp-content\/uploads\/2015\/10\/IMG_1050.jpg 720w, http:\/\/allezvoyage.com\/wp-content\/uploads\/2015\/10\/IMG_1050-300x189.jpg 300w, http:\/\/allezvoyage.com\/wp-content\/uploads\/2015\/10\/IMG_1050-24x15.jpg 24w, http:\/\/allezvoyage.com\/wp-content\/uploads\/2015\/10\/IMG_1050-50x32.jpg 50w\" sizes=\"(max-width: 720px) 100vw, 720px\" \/><\/a><\/figure><div class=\"details\"><h4 class=\"box-title\">NORD DU VIETNAM<small>7 Activities<\/small><\/h4><a href=\"http:\/\/allezvoyage.com\/index.php\/location\/nord-du-vietnam\/\" title=\"\" class=\"button\">SEE ALL<\/a><\/div><\/article><\/li><li><article class=\"box\"><figure><a href=\"http:\/\/allezvoyage.com\/index.php\/location\/sud-du-vietnam\/\" title=\"SUD DU VIETNAM\" class=\"hover-effect yellow\"><img loading=\"lazy\" decoding=\"async\" width=\"279\" height=\"180\" src=\"http:\/\/allezvoyage.com\/wp-content\/uploads\/2015\/10\/images36.jpeg\" class=\"attachment-full size-full\" alt=\"\" srcset=\"http:\/\/allezvoyage.com\/wp-content\/uploads\/2015\/10\/images36.jpeg 279w, http:\/\/allezvoyage.com\/wp-content\/uploads\/2015\/10\/images36-24x15.jpeg 24w, http:\/\/allezvoyage.com\/wp-content\/uploads\/2015\/10\/images36-50x32.jpeg 50w\" sizes=\"(max-width: 279px) 100vw, 279px\" \/><\/a><\/figure><div class=\"details\"><h4 class=\"box-title\">SUD DU VIETNAM<small>4 Activities<\/small><\/h4><a href=\"http:\/\/allezvoyage.com\/index.php\/location\/sud-du-vietnam\/\" title=\"\" class=\"button\">SEE ALL<\/a><\/div><\/article><\/li><\/ul><\/div>\n\n\t<\/div> <\/div>\n\t<\/div> \n<\/div>\t<div  class=\"row\">\n\t<div class=\"col-sm-12 \">\n\t\t\t<div class=\"container\">\t<div  class=\"row\">\n\t<div class=\"col-sm-6 \">\n\t\t\t\n\t<div class=\" wpb_animate_when_almost_visible wpb_left-to-right\">\n\t\t\t<div class=\"about-content\">\n<h1><span style=\"color: #ff6600;\"><strong><span style=\"color: #000000;\"><span style=\"color: #808000;\"><em>Vous r\u00eavez d\u2019un voyage personnalis\u00e9 en Asie?<\/em><\/span><\/span><span style=\"color: #000000;\">\u00a0<\/span> <span style=\"color: #993300;\">\u00c9crivez-nous: <\/span><\/strong><\/span><\/h1>\n<h1>allezvoyagevn@gmail.com &#8211; info@allezvoyage.com &#8211; sales@allezvoyage.com<\/h1>\n<h1><strong><span style=\"color: #ff6600;\">Portable :\u00a0<span style=\"color: #0000ff;\">(+84) 912 00 55 18 ( Viber, Whatsapp: 24\/7)<\/span><\/span><\/strong><\/h1>\n<p><strong><span style=\"color: #808000;\">Pour voyager dans les nouveaux coins du monde, organiser votre p\u00e9riple autour d\u2019un th\u00e8me particulier, privil\u00e9gier la culture ou plut\u00f4t la nature, &#8230; vous d\u00e9cidez, nous composerons un voyage \u00e0 vos envies\u00a0!<\/span><\/strong><\/p>\n<p>&nbsp;<\/p>\n<\/div>\n\n\t<\/div> \n\t<\/div> \n\n\t<div class=\"col-sm-6 \">\n\t\t\t\n\t<div class=\" wpb_animate_when_almost_visible wpb_right-to-left\">\n\t\t\t<p><a href=\"http:\/\/allezvoyage.com\/wp-content\/uploads\/2015\/09\/IMG_1025.jpg\"><img loading=\"lazy\" decoding=\"async\" class=\" wp-image-116 aligncenter\" src=\"http:\/\/allezvoyage.com\/wp-content\/uploads\/2015\/09\/IMG_1025.jpg\" alt=\"IMG_1025\" width=\"403\" height=\"302\" srcset=\"http:\/\/allezvoyage.com\/wp-content\/uploads\/2015\/09\/IMG_1025.jpg 720w, http:\/\/allezvoyage.com\/wp-content\/uploads\/2015\/09\/IMG_1025-300x225.jpg 300w, http:\/\/allezvoyage.com\/wp-content\/uploads\/2015\/09\/IMG_1025-24x18.jpg 24w, http:\/\/allezvoyage.com\/wp-content\/uploads\/2015\/09\/IMG_1025-48x36.jpg 48w, http:\/\/allezvoyage.com\/wp-content\/uploads\/2015\/09\/IMG_1025-50x38.jpg 50w\" sizes=\"(max-width: 403px) 100vw, 403px\" \/><\/a><\/p>\n\n\t<\/div> \n\t<\/div> \n<\/div><\/div>\n\t<\/div> \n<\/div>\t<div  class=\"row\">\n\t<div class=\"col-sm-12 \">\n\t\t\t<div class=\"container\">\t<div class=\"vc_separator wpb_content_element vc_separator_align_center vc_sep_width_100 vc_sep_pos_align_center vc_sep_color_grey\">\n\t\t<span class=\"vc_sep_holder vc_sep_holder_l\"><span class=\"vc_sep_line\"><\/span><\/span>\n\t\t<h4>NOS MEILLEURES VENTES<\/h4>\t\t<span class=\"vc_sep_holder vc_sep_holder_r\"><span class=\"vc_sep_line\"><\/span><\/span>\n\t<\/div>\n\n<div class=\"tour-packages row add-clearfix image-box column-4 listing-style1\"><div class='col-sm-6 col-sms-6 col-md-3'>\r\n\t\t\t<article class=\"box\">\r\n\t\t\t\t<figure >\r\n\t\t\t\t\t<a title=\"View Photo Gallery\" class=\"hover-effect popup-gallery\" data-post_id=\"428\" href=\"#\"><img loading=\"lazy\" decoding=\"async\" width=\"500\" height=\"300\" src=\"http:\/\/allezvoyage.com\/wp-content\/uploads\/2016\/06\/IMG_1892-500x300.jpg\" class=\"attachment-biggallery-thumb size-biggallery-thumb wp-post-image\" alt=\"\" srcset=\"http:\/\/allezvoyage.com\/wp-content\/uploads\/2016\/06\/IMG_1892-500x300.jpg 500w, http:\/\/allezvoyage.com\/wp-content\/uploads\/2016\/06\/IMG_1892-24x15.jpg 24w\" sizes=\"(max-width: 500px) 100vw, 500px\" \/><\/a>\r\n\t\t\t\t\t\t\t\t\t<\/figure>\r\n\t\t\t\t<div class=\"details\">\r\n\t\t\t\t\t\t\t\t\t\t<h4 class=\"box-title\"><a href=\"http:\/\/allezvoyage.com\/index.php\/tour\/indochine-authentique\/\">Indochine Authentique 16 jours 15 nuits<\/a><\/h4>\r\n\t\t\t\t\t<hr>\r\n\t\t\t\t\t<p class=\"description\">Un bouquet fascinant qui relie dans un m\u00eame \u00e9merveillement les sites majeurs mis en exergue par l\u2019UNESCO \u00e0 travers les paysages somptueux du Vietnam, les temples dor\u00e9s du Laos et les f\u00e9eries sculpt\u00e9es dans la pierre au Cambodge, au rythme doux d\u2019un grand voyage qui sait prendre son temps.<\/p>\r\n\t\t\t\t\t<hr>\r\n\t\t\t\t\t<div class=\"text-center\">\r\n\t\t\t\t\t\t<div class=\"time\">\r\n\t\t\t\t\t\t\t<i class=\"soap-icon-clock yellow-color\"><\/i>\r\n\t\t\t\t\t\t\t<span>01 Jan 1970<\/span>\r\n\t\t\t\t\t\t<\/div>\r\n\t\t\t\t\t<div class=\"action\">\r\n\t\t\t\t\t\t<a title=\"View Detail\" class=\"button btn-small full-width\" href=\"http:\/\/allezvoyage.com\/index.php\/tour\/indochine-authentique\/\">R\u00e9server<\/a>\r\n\t\t\t\t\t<\/div>\r\n\t\t\t\t<\/div>\r\n\t\t\t<\/article>\r\n\t\t<\/div><div class='col-sm-6 col-sms-6 col-md-3'>\r\n\t\t\t<article class=\"box\">\r\n\t\t\t\t<figure >\r\n\t\t\t\t\t<a title=\"View Photo Gallery\" class=\"hover-effect popup-gallery\" data-post_id=\"426\" href=\"#\"><img loading=\"lazy\" decoding=\"async\" width=\"500\" height=\"300\" src=\"http:\/\/allezvoyage.com\/wp-content\/uploads\/2015\/09\/cambodia-2-500x300.jpg\" class=\"attachment-biggallery-thumb size-biggallery-thumb wp-post-image\" alt=\"\" \/><\/a>\r\n\t\t\t\t\t\t\t\t\t<\/figure>\r\n\t\t\t\t<div class=\"details\">\r\n\t\t\t\t\t\t\t\t\t\t<h4 class=\"box-title\"><a href=\"http:\/\/allezvoyage.com\/index.php\/tour\/exploration-du-cambodge\/\">Cambodge essentiel 8 jours 7 nuits<\/a><\/h4>\r\n\t\t\t\t\t<hr>\r\n\t\t\t\t\t<p class=\"description\">Un voyage au Cambodge, c\u2019est \u00e9videmment un voyage \u00e0 Angkor. Mais le Cambodge regorge d\u2019autres temples khmers perdus dans la for\u00eat, le lac Tonle Sap accueille \u00e0 pr\u00e9sent de confortables bateaux de croisi\u00e8re, Phnom Penh, touchante et d\u00e9termin\u00e9e\u2026 et les Cambodgiens sont avides de rencontres !\r\n<\/p>\r\n\t\t\t\t\t<hr>\r\n\t\t\t\t\t<div class=\"text-center\">\r\n\t\t\t\t\t\t<div class=\"time\">\r\n\t\t\t\t\t\t\t<i class=\"soap-icon-clock yellow-color\"><\/i>\r\n\t\t\t\t\t\t\t<span>01 Jan 1970<\/span>\r\n\t\t\t\t\t\t<\/div>\r\n\t\t\t\t\t<div class=\"action\">\r\n\t\t\t\t\t\t<a title=\"View Detail\" class=\"button btn-small full-width\" href=\"http:\/\/allezvoyage.com\/index.php\/tour\/exploration-du-cambodge\/\">R\u00e9server<\/a>\r\n\t\t\t\t\t<\/div>\r\n\t\t\t\t<\/div>\r\n\t\t\t<\/article>\r\n\t\t<\/div><div class='col-sm-6 col-sms-6 col-md-3'>\r\n\t\t\t<article class=\"box\">\r\n\t\t\t\t<figure >\r\n\t\t\t\t\t<a title=\"View Photo Gallery\" class=\"hover-effect popup-gallery\" data-post_id=\"305\" href=\"#\"><img loading=\"lazy\" decoding=\"async\" width=\"500\" height=\"300\" src=\"http:\/\/allezvoyage.com\/wp-content\/uploads\/2016\/06\/IMG_1899-500x300.jpg\" class=\"attachment-biggallery-thumb size-biggallery-thumb wp-post-image\" alt=\"\" srcset=\"http:\/\/allezvoyage.com\/wp-content\/uploads\/2016\/06\/IMG_1899-500x300.jpg 500w, http:\/\/allezvoyage.com\/wp-content\/uploads\/2016\/06\/IMG_1899-300x181.jpg 300w, http:\/\/allezvoyage.com\/wp-content\/uploads\/2016\/06\/IMG_1899-24x14.jpg 24w, http:\/\/allezvoyage.com\/wp-content\/uploads\/2016\/06\/IMG_1899-48x29.jpg 48w, http:\/\/allezvoyage.com\/wp-content\/uploads\/2016\/06\/IMG_1899-50x30.jpg 50w\" sizes=\"(max-width: 500px) 100vw, 500px\" \/><\/a>\r\n\t\t\t\t\t\t\t\t\t<\/figure>\r\n\t\t\t\t<div class=\"details\">\r\n\t\t\t\t\t\t\t\t\t\t<h4 class=\"box-title\"><a href=\"http:\/\/allezvoyage.com\/index.php\/tour\/corrigeer-wat-phou-4-jours\/\">Impression du Vietnam 10 jours<\/a><\/h4>\r\n\t\t\t\t\t<hr>\r\n\t\t\t\t\t<p class=\"description\">Le voyage vous permet de d\u00e9couvrir tout le Vietnam en 10 jours. Les d\u00e9placements sur place en avion vous permettent de gagner du temps et enrichir de connaissances. H\u00e9bergement du voyage de luxe et suivant votre commande.<\/p>\r\n\t\t\t\t\t<hr>\r\n\t\t\t\t\t<div class=\"text-center\">\r\n\t\t\t\t\t\t<div class=\"time\">\r\n\t\t\t\t\t\t\t<i class=\"soap-icon-clock yellow-color\"><\/i>\r\n\t\t\t\t\t\t\t<span>01 Jan 1970<\/span>\r\n\t\t\t\t\t\t<\/div>\r\n\t\t\t\t\t<div class=\"action\">\r\n\t\t\t\t\t\t<a title=\"View Detail\" class=\"button btn-small full-width\" href=\"http:\/\/allezvoyage.com\/index.php\/tour\/corrigeer-wat-phou-4-jours\/\">R\u00e9server<\/a>\r\n\t\t\t\t\t<\/div>\r\n\t\t\t\t<\/div>\r\n\t\t\t<\/article>\r\n\t\t<\/div><div class='col-sm-6 col-sms-6 col-md-3'>\r\n\t\t\t<article class=\"box\">\r\n\t\t\t\t<figure >\r\n\t\t\t\t\t<a title=\"View Photo Gallery\" class=\"hover-effect popup-gallery\" data-post_id=\"421\" href=\"#\"><img loading=\"lazy\" decoding=\"async\" width=\"500\" height=\"300\" src=\"http:\/\/allezvoyage.com\/wp-content\/uploads\/2015\/09\/laos-500x300.jpg\" class=\"attachment-biggallery-thumb size-biggallery-thumb wp-post-image\" alt=\"\" \/><\/a>\r\n\t\t\t\t\t\t\t\t\t<\/figure>\r\n\t\t\t\t<div class=\"details\">\r\n\t\t\t\t\t\t\t\t\t\t<h4 class=\"box-title\"><a href=\"http:\/\/allezvoyage.com\/index.php\/tour\/exploration-du-laos-2\/\">Laos essentiel 13 Jours 12 Nuits<\/a><\/h4>\r\n\t\t\t\t\t<hr>\r\n\t\t\t\t\t<p class=\"description\">Un voyage exclusif pour d\u00e9couvrir tous les visages du Laos au fil de croisi\u00e8res romantiques sur le M\u00e9kong, des rives du nord aux monast\u00e8res de Luang Prabang, \u00e0 Vientiane la coloniale, et au sud au pied des temples khmers.<\/p>\r\n\t\t\t\t\t<hr>\r\n\t\t\t\t\t<div class=\"text-center\">\r\n\t\t\t\t\t\t<div class=\"time\">\r\n\t\t\t\t\t\t\t<i class=\"soap-icon-clock yellow-color\"><\/i>\r\n\t\t\t\t\t\t\t<span>01 Jan 1970<\/span>\r\n\t\t\t\t\t\t<\/div>\r\n\t\t\t\t\t<div class=\"action\">\r\n\t\t\t\t\t\t<a title=\"View Detail\" class=\"button btn-small full-width\" href=\"http:\/\/allezvoyage.com\/index.php\/tour\/exploration-du-laos-2\/\">R\u00e9server<\/a>\r\n\t\t\t\t\t<\/div>\r\n\t\t\t\t<\/div>\r\n\t\t\t<\/article>\r\n\t\t<\/div><\/div><\/div>\n\t<\/div> \n<\/div>\t<div  class=\"row\">\n\t<div class=\"col-sm-12 \">\n\t\t\t<div class=\"container\">\t<div class=\"vc_separator wpb_content_element vc_separator_align_left vc_sep_width_100 vc_sep_pos_align_center vc_sep_color_grey\">\n\t\t<span class=\"vc_sep_holder vc_sep_holder_l\"><span class=\"vc_sep_line\"><\/span><\/span>\n\t\t<h4>NOS MEILLEURES CIRCUITS<\/h4>\t\t<span class=\"vc_sep_holder vc_sep_holder_r\"><span class=\"vc_sep_line\"><\/span><\/span>\n\t<\/div>\n\n<div class=\"tour-packages row add-clearfix image-box column-4 listing-style1\"><div class='col-sm-6 col-sms-6 col-md-3'>\r\n\t\t\t<article class=\"box\">\r\n\t\t\t\t<figure >\r\n\t\t\t\t\t<a title=\"View Photo Gallery\" class=\"hover-effect popup-gallery\" data-post_id=\"861\" href=\"#\"><img loading=\"lazy\" decoding=\"async\" width=\"500\" height=\"300\" src=\"http:\/\/allezvoyage.com\/wp-content\/uploads\/2015\/09\/laos-500x300.jpg\" class=\"attachment-biggallery-thumb size-biggallery-thumb wp-post-image\" alt=\"\" \/><\/a>\r\n\t\t\t\t\t\t\t\t\t<\/figure>\r\n\t\t\t\t<div class=\"details\">\r\n\t\t\t\t\t\t\t\t\t\t<h4 class=\"box-title\"><a href=\"http:\/\/allezvoyage.com\/index.php\/tour\/birmanie-classique-10-jours-9-nuits\/\">Birmanie Classique 10 jours 9 nuits<\/a><\/h4>\r\n\t\t\t\t\t<hr>\r\n\t\t\t\t\t<p class=\"description\">Vous souhaitez voyager en Birmanie pour 10 jours? Dans ce circuit au Myanmar, nous vous proposons les visites des sites incontournables de la Birmanie en utilisant le bateau, le v\u00e9lo, la voiture, les montgolfi\u00e8res\u2026etc. <\/p>\r\n\t\t\t\t\t<hr>\r\n\t\t\t\t\t<div class=\"text-center\">\r\n\t\t\t\t\t\t<div class=\"time\">\r\n\t\t\t\t\t\t\t<i class=\"soap-icon-clock yellow-color\"><\/i>\r\n\t\t\t\t\t\t\t<span>01 Jan 1970<\/span>\r\n\t\t\t\t\t\t<\/div>\r\n\t\t\t\t\t<div class=\"action\">\r\n\t\t\t\t\t\t<a title=\"View Detail\" class=\"button btn-small full-width\" href=\"http:\/\/allezvoyage.com\/index.php\/tour\/birmanie-classique-10-jours-9-nuits\/\">R\u00e9server<\/a>\r\n\t\t\t\t\t<\/div>\r\n\t\t\t\t<\/div>\r\n\t\t\t<\/article>\r\n\t\t<\/div><div class='col-sm-6 col-sms-6 col-md-3'>\r\n\t\t\t<article class=\"box\">\r\n\t\t\t\t<figure >\r\n\t\t\t\t\t<a title=\"View Photo Gallery\" class=\"hover-effect popup-gallery\" data-post_id=\"718\" href=\"#\"><img loading=\"lazy\" decoding=\"async\" width=\"500\" height=\"300\" src=\"http:\/\/allezvoyage.com\/wp-content\/uploads\/2015\/09\/myanmar-500x300.jpg\" class=\"attachment-biggallery-thumb size-biggallery-thumb wp-post-image\" alt=\"\" \/><\/a>\r\n\t\t\t\t\t\t\t\t\t<\/figure>\r\n\t\t\t\t<div class=\"details\">\r\n\t\t\t\t\t\t\t\t\t\t<h4 class=\"box-title\"><a href=\"http:\/\/allezvoyage.com\/index.php\/tour\/birmanie-authentique-8-jours-7-nuits\/\">Birmanie Authentique 8 Jours 7 Nuits<\/a><\/h4>\r\n\t\t\t\t\t<hr>\r\n\t\t\t\t\t<p class=\"description\">Peu de voyages en Asie sont aussi \u00e9mouvants qu\u2019un voyage en Birmanie. C\u2019est un ensemble de sites magiques qui \u00e9meut les voyageurs les plus blas\u00e9s. \r\n<\/p>\r\n\t\t\t\t\t<hr>\r\n\t\t\t\t\t<div class=\"text-center\">\r\n\t\t\t\t\t\t<div class=\"time\">\r\n\t\t\t\t\t\t\t<i class=\"soap-icon-clock yellow-color\"><\/i>\r\n\t\t\t\t\t\t\t<span>01 Jan 1970<\/span>\r\n\t\t\t\t\t\t<\/div>\r\n\t\t\t\t\t<div class=\"action\">\r\n\t\t\t\t\t\t<a title=\"View Detail\" class=\"button btn-small full-width\" href=\"http:\/\/allezvoyage.com\/index.php\/tour\/birmanie-authentique-8-jours-7-nuits\/\">R\u00e9server<\/a>\r\n\t\t\t\t\t<\/div>\r\n\t\t\t\t<\/div>\r\n\t\t\t<\/article>\r\n\t\t<\/div><div class='col-sm-6 col-sms-6 col-md-3'>\r\n\t\t\t<article class=\"box\">\r\n\t\t\t\t<figure >\r\n\t\t\t\t\t<a title=\"View Photo Gallery\" class=\"hover-effect popup-gallery\" data-post_id=\"716\" href=\"#\"><img loading=\"lazy\" decoding=\"async\" width=\"500\" height=\"300\" src=\"http:\/\/allezvoyage.com\/wp-content\/uploads\/2015\/09\/laos-2-500x300.jpg\" class=\"attachment-biggallery-thumb size-biggallery-thumb wp-post-image\" alt=\"\" \/><\/a>\r\n\t\t\t\t\t\t\t\t\t<\/figure>\r\n\t\t\t\t<div class=\"details\">\r\n\t\t\t\t\t\t\t\t\t\t<h4 class=\"box-title\"><a href=\"http:\/\/allezvoyage.com\/index.php\/tour\/laos-authentique-8-jours-7-nuits\/\">Laos Authentique 8 Jours 7 Nuits<\/a><\/h4>\r\n\t\t\t\t\t<hr>\r\n\t\t\t\t\t<p class=\"description\">Une premi\u00e8re approche du Laos autour de ses deux villes phares, entre histoire et charme d\u2019antan.\r\n<\/p>\r\n\t\t\t\t\t<hr>\r\n\t\t\t\t\t<div class=\"text-center\">\r\n\t\t\t\t\t\t<div class=\"time\">\r\n\t\t\t\t\t\t\t<i class=\"soap-icon-clock yellow-color\"><\/i>\r\n\t\t\t\t\t\t\t<span>01 Jan 1970<\/span>\r\n\t\t\t\t\t\t<\/div>\r\n\t\t\t\t\t<div class=\"action\">\r\n\t\t\t\t\t\t<a title=\"View Detail\" class=\"button btn-small full-width\" href=\"http:\/\/allezvoyage.com\/index.php\/tour\/laos-authentique-8-jours-7-nuits\/\">R\u00e9server<\/a>\r\n\t\t\t\t\t<\/div>\r\n\t\t\t\t<\/div>\r\n\t\t\t<\/article>\r\n\t\t<\/div><div class='col-sm-6 col-sms-6 col-md-3'>\r\n\t\t\t<article class=\"box\">\r\n\t\t\t\t<figure >\r\n\t\t\t\t\t<a title=\"View Photo Gallery\" class=\"hover-effect popup-gallery\" data-post_id=\"715\" href=\"#\"><img loading=\"lazy\" decoding=\"async\" width=\"500\" height=\"300\" src=\"http:\/\/allezvoyage.com\/wp-content\/uploads\/2016\/06\/IMG_1882-500x300.jpg\" class=\"attachment-biggallery-thumb size-biggallery-thumb wp-post-image\" alt=\"\" \/><\/a>\r\n\t\t\t\t\t\t\t\t\t<\/figure>\r\n\t\t\t\t<div class=\"details\">\r\n\t\t\t\t\t\t\t\t\t\t<h4 class=\"box-title\"><a href=\"http:\/\/allezvoyage.com\/index.php\/tour\/une-aventure-vietnamienne-15-jours-14-nuits\/\">Une Aventure Vietnamienne 15 Jours 14 Nuits<\/a><\/h4>\r\n\t\t\t\t\t<hr>\r\n\t\t\t\t\t<p class=\"description\">Randonn\u00e9es au c\u0153ur de la cordill\u00e8re tonkinoise ou de la jungle de l\u2019Annam, balades \u00e0 v\u00e9lo ou en kayak, s\u00e9jours en maisons d\u2019h\u00f4tes ou \u00e9colodge : un voyage d\u2019exception pour vivre au diapason d\u2019un Vietnam authentique.<\/p>\r\n\t\t\t\t\t<hr>\r\n\t\t\t\t\t<div class=\"text-center\">\r\n\t\t\t\t\t\t<div class=\"time\">\r\n\t\t\t\t\t\t\t<i class=\"soap-icon-clock yellow-color\"><\/i>\r\n\t\t\t\t\t\t\t<span>01 Jan 1970<\/span>\r\n\t\t\t\t\t\t<\/div>\r\n\t\t\t\t\t<div class=\"action\">\r\n\t\t\t\t\t\t<a title=\"View Detail\" class=\"button btn-small full-width\" href=\"http:\/\/allezvoyage.com\/index.php\/tour\/une-aventure-vietnamienne-15-jours-14-nuits\/\">R\u00e9server<\/a>\r\n\t\t\t\t\t<\/div>\r\n\t\t\t\t<\/div>\r\n\t\t\t<\/article>\r\n\t\t<\/div><\/div><\/div>\n\t<\/div> \n<\/div>\n","protected":false},"excerpt":{"rendered":"TOP DESTINATIONS BIRMANIE5 ActivitiesSEE ALLCAMBODGE3 ActivitiesSEE ALLCENTRE DU VIETNAM7 ActivitiesSEE ALLLAOS3 ActivitiesSEE ALLNORD DU VIETNAM7 ActivitiesSEE ALLSUD DU VIETNAM4 ActivitiesSEE ALL Vous r\u00eavez d\u2019un voyage personnalis\u00e9 en Asie?\u00a0 \u00c9crivez-nous: allezvoyagevn@gmail.com - info@allezvoyage.com - sales@allezvoyage.com Portable :\u00a0(+84) 912 00 55 18 ( Viber, Whatsapp: 24\/7) Pour voyager dans les nouveaux coins du monde, organiser votre p\u00e9riple [...]","protected":false},"author":1,"featured_media":0,"parent":0,"menu_order":0,"comment_status":"open","ping_status":"open","template":"templates\/template-home.php","meta":{"footnotes":""},"_links":{"self":[{"href":"http:\/\/allezvoyage.com\/index.php\/wp-json\/wp\/v2\/pages\/27"}],"collection":[{"href":"http:\/\/allezvoyage.com\/index.php\/wp-json\/wp\/v2\/pages"}],"about":[{"href":"http:\/\/allezvoyage.com\/index.php\/wp-json\/wp\/v2\/types\/page"}],"author":[{"embeddable":true,"href":"http:\/\/allezvoyage.com\/index.php\/wp-json\/wp\/v2\/users\/1"}],"replies":[{"embeddable":true,"href":"http:\/\/allezvoyage.com\/index.php\/wp-json\/wp\/v2\/comments?post=27"}],"version-history":[{"count":57,"href":"http:\/\/allezvoyage.com\/index.php\/wp-json\/wp\/v2\/pages\/27\/revisions"}],"predecessor-version":[{"id":1016,"href":"http:\/\/allezvoyage.com\/index.php\/wp-json\/wp\/v2\/pages\/27\/revisions\/1016"}],"wp:attachment":[{"href":"http:\/\/allezvoyage.com\/index.php\/wp-json\/wp\/v2\/media?parent=27"}],"curies":[{"name":"wp","href":"https:\/\/api.w.org\/{rel}","templated":true}]}}